{"id":26,"date":"2019-02-10T19:01:53","date_gmt":"2019-02-10T19:01:53","guid":{"rendered":"http:\/\/serraespina.es\/?page_id=26"},"modified":"2019-02-10T19:42:52","modified_gmt":"2019-02-10T19:42:52","slug":"quienes-somos","status":"publish","type":"page","link":"https:\/\/serraespina.es\/","title":{"rendered":"QUI\u00c9NES SOMOS"},"content":{"rendered":"\n<p>Con \nlos servicios de este despacho, tendr\u00e1 cumplido y cubierto  de un\nmodo eficaz y c\u00f3modo  para usted, cualquier aspecto relacionado en \nel \u00e1mbito     laboral,  sucesorio (herencias), Fiscal, Civil y\njur\u00eddico, con un equipo un  equipo de profesionales  a su servicio.<\/p>\n\n\n\n<p>Somos\nuna Gestor\u00eda con experiencia y   con una gran trayectoria\nprofesional, ccon  m\u00e1s de cincuenta a\u00f1os al servicio de sus\nclientes.<\/p>\n","protected":false},"excerpt":{"rendered":"<p>Con los servicios de este despacho, tendr\u00e1 cumplido y cubierto de un modo eficaz y c\u00f3modo para usted, cualquier aspecto relacionado en el \u00e1mbito laboral, sucesorio (herencias), Fiscal, Civil y jur\u00eddico, con un equipo un equipo de profesionales a su servicio. Somos una Gestor\u00eda con experiencia y con una gran trayectoria profesional, ccon m\u00e1s de <a href=\"https:\/\/serraespina.es\/\" rel=\"nofollow\"><span class=\"sr-only\">Leer m\u00e1sQUI\u00c9NES SOMOS<\/span>[&hellip;]<\/a><\/p>\n","protected":false},"author":1,"featured_media":0,"parent":0,"menu_order":0,"comment_status":"closed","ping_status":"closed","template":"template-fullwidth.php","meta":{"footnotes":""},"_links":{"self":[{"href":"https:\/\/serraespina.es\/index.php\/wp-json\/wp\/v2\/pages\/26"}],"collection":[{"href":"https:\/\/serraespina.es\/index.php\/wp-json\/wp\/v2\/pages"}],"about":[{"href":"https:\/\/serraespina.es\/index.php\/wp-json\/wp\/v2\/types\/page"}],"author":[{"embeddable":true,"href":"https:\/\/serraespina.es\/index.php\/wp-json\/wp\/v2\/users\/1"}],"replies":[{"embeddable":true,"href":"https:\/\/serraespina.es\/index.php\/wp-json\/wp\/v2\/comments?post=26"}],"version-history":[{"count":1,"href":"https:\/\/serraespina.es\/index.php\/wp-json\/wp\/v2\/pages\/26\/revisions"}],"predecessor-version":[{"id":27,"href":"https:\/\/serraespina.es\/index.php\/wp-json\/wp\/v2\/pages\/26\/revisions\/27"}],"wp:attachment":[{"href":"https:\/\/serraespina.es\/index.php\/wp-json\/wp\/v2\/media?parent=26"}],"curies":[{"name":"wp","href":"https:\/\/api.w.org\/{rel}","templated":true}]}}