{"id":23,"date":"2019-02-10T19:01:00","date_gmt":"2019-02-10T19:01:00","guid":{"rendered":"http:\/\/serraespina.es\/?page_id=23"},"modified":"2019-02-10T19:42:52","modified_gmt":"2019-02-10T19:42:52","slug":"otros-servicios","status":"publish","type":"page","link":"https:\/\/serraespina.es\/index.php\/otros-servicios\/","title":{"rendered":"OTROS SERVICIOS"},"content":{"rendered":"\n<ul><li>Tr\u00e1fico.  <\/li><li>Licencias de actividades. <\/li><li>Recursos multas. <\/li><li>Altas y Gesti\u00f3n del Impuestos tur\u00edstico (ECOTASA). <\/li><li>Licencias de actividades. <\/li><li>Redacci\u00f3n de contratos de arrendamiento, de compraventa, opci\u00f3n de compra,.. <\/li><\/ul>\n","protected":false},"excerpt":{"rendered":"<p>Tr\u00e1fico. Licencias de actividades. Recursos multas. Altas y Gesti\u00f3n del Impuestos tur\u00edstico (ECOTASA). Licencias de actividades. Redacci\u00f3n de contratos de arrendamiento, de compraventa, opci\u00f3n de compra,..<\/p>\n","protected":false},"author":1,"featured_media":0,"parent":0,"menu_order":0,"comment_status":"closed","ping_status":"closed","template":"template-fullwidth.php","meta":{"footnotes":""},"_links":{"self":[{"href":"https:\/\/serraespina.es\/index.php\/wp-json\/wp\/v2\/pages\/23"}],"collection":[{"href":"https:\/\/serraespina.es\/index.php\/wp-json\/wp\/v2\/pages"}],"about":[{"href":"https:\/\/serraespina.es\/index.php\/wp-json\/wp\/v2\/types\/page"}],"author":[{"embeddable":true,"href":"https:\/\/serraespina.es\/index.php\/wp-json\/wp\/v2\/users\/1"}],"replies":[{"embeddable":true,"href":"https:\/\/serraespina.es\/index.php\/wp-json\/wp\/v2\/comments?post=23"}],"version-history":[{"count":1,"href":"https:\/\/serraespina.es\/index.php\/wp-json\/wp\/v2\/pages\/23\/revisions"}],"predecessor-version":[{"id":24,"href":"https:\/\/serraespina.es\/index.php\/wp-json\/wp\/v2\/pages\/23\/revisions\/24"}],"wp:attachment":[{"href":"https:\/\/serraespina.es\/index.php\/wp-json\/wp\/v2\/media?parent=23"}],"curies":[{"name":"wp","href":"https:\/\/api.w.org\/{rel}","templated":true}]}}