{"id":16,"date":"2019-02-10T18:57:10","date_gmt":"2019-02-10T18:57:10","guid":{"rendered":"http:\/\/serraespina.es\/?page_id=16"},"modified":"2019-02-10T19:42:52","modified_gmt":"2019-02-10T19:42:52","slug":"gestion-y-derecho-laboral","status":"publish","type":"page","link":"https:\/\/serraespina.es\/index.php\/gestion-y-derecho-laboral\/","title":{"rendered":"GESTI\u00d3N  Y DERECHO  LABORAL."},"content":{"rendered":"<!-- wp:list  style=\"background-image:url(http:\/\/serraespina.es\/wp-content\/uploads\/2019\/02\/Img_wordpress_9-1024x453-1.jpg)\" -->\n<ul>\n \t<li> Inscripci\u00f3n  en la seguridad\nsocial de empresa.<\/li>\n \t<li>Reg\u00edmenes especiales: Aut\u00f3nomos,\nempleados de hogar, Agrario,..<\/li>\n \t<li>Afiliaci\u00f3n, altas  y bajas,<\/li>\n \t<li>Contrataci\u00f3n, nominas, ..<\/li>\n \t<li>Relacionales laborales de alta\ndirecci\u00f3n.<\/li>\n \t<li>Planificaci\u00f3n y prevenci\u00f3n de\nriesgos laborales.<\/li>\n \t<li>Elaboraci\u00f3n y presentaci\u00f3n de\nImpuestos (IRPF).<\/li>\n \t<li>Contingencias y situaci\u00f3n\nprotegidas.<\/li>\n \t<li>Despidos,..<\/li>\n<\/ul>\n<!-- \/wp:list -->","protected":false},"excerpt":{"rendered":"<p>Inscripci\u00f3n en la seguridad social de empresa. Reg\u00edmenes especiales: Aut\u00f3nomos, empleados de hogar, Agrario,.. Afiliaci\u00f3n, altas y bajas, Contrataci\u00f3n, nominas, .. Relacionales laborales de alta direcci\u00f3n. Planificaci\u00f3n y prevenci\u00f3n de riesgos laborales. Elaboraci\u00f3n y presentaci\u00f3n de Impuestos (IRPF). Contingencias y situaci\u00f3n protegidas. Despidos,..<\/p>\n","protected":false},"author":1,"featured_media":0,"parent":0,"menu_order":0,"comment_status":"closed","ping_status":"closed","template":"template-fullwidth.php","meta":{"footnotes":""},"_links":{"self":[{"href":"https:\/\/serraespina.es\/index.php\/wp-json\/wp\/v2\/pages\/16"}],"collection":[{"href":"https:\/\/serraespina.es\/index.php\/wp-json\/wp\/v2\/pages"}],"about":[{"href":"https:\/\/serraespina.es\/index.php\/wp-json\/wp\/v2\/types\/page"}],"author":[{"embeddable":true,"href":"https:\/\/serraespina.es\/index.php\/wp-json\/wp\/v2\/users\/1"}],"replies":[{"embeddable":true,"href":"https:\/\/serraespina.es\/index.php\/wp-json\/wp\/v2\/comments?post=16"}],"version-history":[{"count":6,"href":"https:\/\/serraespina.es\/index.php\/wp-json\/wp\/v2\/pages\/16\/revisions"}],"predecessor-version":[{"id":49,"href":"https:\/\/serraespina.es\/index.php\/wp-json\/wp\/v2\/pages\/16\/revisions\/49"}],"wp:attachment":[{"href":"https:\/\/serraespina.es\/index.php\/wp-json\/wp\/v2\/media?parent=16"}],"curies":[{"name":"wp","href":"https:\/\/api.w.org\/{rel}","templated":true}]}}